{"id":87,"date":"2021-07-06T15:11:25","date_gmt":"2021-07-06T15:11:25","guid":{"rendered":"http:\/\/box5399.temp.domains\/~museodf4\/?page_id=87"},"modified":"2021-07-09T18:35:38","modified_gmt":"2021-07-09T18:35:38","slug":"preguntas-claves","status":"publish","type":"page","link":"https:\/\/museodelamemoriavenezuela.com\/?page_id=87","title":{"rendered":"Preguntas claves"},"content":{"rendered":"<div\n      class=\"kv-control-placeholder kv-_page\"\n      data-kv-control=\"1\">\n    <\/div> <section class=\"background-id_3 section-1624820972784 tefeza57 cotoni81 undefined\" style=\" position:relative;\">\n  <a name=\"section1624820972784\"><\/a>\n    <div\n    class=\"kv-control-placeholder kv-_section\"\n    data-kv-control=\"background\">\n  <\/div> <div class='kv-background  ' style=\" background-color: rgb(73,73,73);\">\n      \n      <div class='kv-background-inner '  style=\"\n        \n        \n        \n        background-color: rgb(73,73,73);\n        \"><\/div>\n        \n<\/div>\n\n  <div class=\"position-relative kv-content\">\n    <div\n    class=\"kv-control-placeholder kv-_section\"\n    data-kv-control=\"content\">\n  <\/div> <div class=\"kv-ee-section kv-ee-align-left kv-ee-section--lg\"><div class=\"kv-ee-container\"><div class=\"kv-ee-section-text\"> <h2 class=\"kv-ee-section-title kv-ee-section-title--md\" data-type=\"text\" tabindex=\"0\">Preguntas claves&nbsp;<span data-prop=\"title\" class=\"ck-editable-element\" data-editable=\"basic\" style=\"display:none;\"><\/span><\/h2>   <\/div><div class=\"kv-ee-content\"> <div\n    class=\"kv-control-placeholder kv-_content\"\n    data-kv-control=\"list\">\n  <\/div> <div>\n    <div class=\"kv-ee-row\" data-type=\"list\">\n        <div\n    class=\"kv-control-placeholder kv-_list\"\n    data-kv-control=\"0\">\n  <\/div> <div class=\"kv-ee-col-12 kv-ee-col-sm-6 kv-ee-item\"><div> <h3 class=\"kv-ee-title kv-ee-title--md\" data-type=\"text\" tabindex=\"0\">\u00bfPara qu\u00e9?<span data-prop=\"title\" class=\"ck-editable-element\" data-editable=\"basic\" style=\"display:none;\"><\/span><\/h3> <p class=\"kv-ee-description\" data-type=\"text\" tabindex=\"0\">Para preservar la memoria, para educar en Derechos Humanos, para visibilizar a las v\u00edctimas y la necesidad de justicia. En pocas palabras, para fortalecer cuatro conceptos claves en materia de DD.HH. que son: la b\u00fasqueda de la verdad, la justicia, la reparaci\u00f3n y la memoria; aspirando que ello contribuya a lo no repetici\u00f3n, a partir del conocimiento de los cr\u00edmenes que aparecen documentados en el Informe de la Misi\u00f3n Internacional Independiente de Determinaci\u00f3n de los Hechos de la ONU para Venezuela.&nbsp;<span data-prop=\"description\" class=\"ck-editable-element\" data-editable=\"basic\" style=\"display:none;\"><\/span><\/p>  <\/div><\/div>\n        <div\n    class=\"kv-control-placeholder kv-_list\"\n    data-kv-control=\"1\">\n  <\/div> <div class=\"kv-ee-col-12 kv-ee-col-sm-6 kv-ee-item\"><div> <h3 class=\"kv-ee-title kv-ee-title--md\" data-type=\"text\" tabindex=\"0\">\u00bfPor qu\u00e9?&nbsp;<span data-prop=\"title\" class=\"ck-editable-element\" data-editable=\"basic\" style=\"display:none;\"><\/span><\/h3> <p class=\"kv-ee-description\" data-type=\"text\" tabindex=\"0\">El Informe de la Misi\u00f3n Internacional Independiente de Determinaci\u00f3n de los Hechos de la ONU, se menciona muy frecuentemente en Venezuela, pero pocas personas se han le\u00eddo su contenido, tomando en cuenta especialmente, que tiene 443 p\u00e1ginas, un lenguaje t\u00e9cnico y en algunos casos jur\u00eddico; de all\u00ed la importancia de  un museo digital como el que presentamos a trav\u00e9s de esta p\u00e1gina web, que permite acercarse a un tema \u00e1rido y dif\u00edcil, de una manera sencilla, did\u00e1ctica y \u00e1gil.<span data-prop=\"description\" class=\"ck-editable-element\" data-editable=\"basic\" style=\"display:none;\"><\/span><\/p>  <\/div><\/div>\n    <\/div>\n<\/div> <\/div><\/div><\/div>\n  <\/div>\n<\/section>\n<style scoped>.tefeza57 .kv-ee-section-text{max-width:600px;margin-bottom:1rem}.tefeza57 .kv-ee-contente{margin-bottom:1rem}.tefeza57 .kv-ee-section-subtitle{font-weight:400;color:rgba(var(--kv-ee-text1-rgb),.9)}.tefeza57 .kv-ee-rounded-corners{border-radius:.5rem}.tefeza57 .kv-ee-align-left{text-align:left;margin-right:auto}.tefeza57 .kv-ee-align-left .kv-ee-col-lg-8{margin-right:auto}.tefeza57 .kv-ee-align-center{text-align:center;margin:0 auto}.tefeza57 .kv-ee-align-center .kv-ee-section-text{margin-left:auto;margin-right:auto}.tefeza57 .kv-ee-align-center .kv-ee-col-lg-8{margin-right:auto;margin-left:auto}.tefeza57 .kv-ee-align-right{text-align:right;margin-left:auto}.tefeza57 .kv-ee-align-right .kv-ee-section-text{margin-left:auto}.tefeza57 .kv-ee-align-right .kv-ee-col-lg-8{margin-left:auto}.cotoni81 .kv-ee-item{margin:2rem 0}.cotoni81 .kv-ee-button{margin-top:1rem}.cotoni81 .kv-ee-description{color:rgba(var(--kv-ee-text1-rgb),.75)}.cotoni81 .kv-ee-col-lg-6 div{max-width:430px}.cotoni81 .kv-ee-col-lg-12 div{max-width:570px;margin-left:auto;margin-right:auto}.cotoni81 .kv-ee-align-left .kv-ee-col-lg-12 div{max-width:570px;margin-left:unset;margin-right:auto}.cotoni81 .kv-ee-align-center .kv-ee-col-lg-12 div{max-width:570px;margin-left:auto;margin-right:auto}.cotoni81 .kv-ee-align-right .kv-ee-col-lg-12 div{max-width:570px;margin-left:auto;margin-right:unset}@media(min-width:1200px){.cotoni81 .kv-ee-align-left .kv-ee-col-lg-6{padding-right:4rem}.cotoni81 .kv-ee-align-left .kv-ee-col-lg-6 div{margin-right:auto}.cotoni81 .kv-ee-align-left .kv-ee-col-lg-4{padding-right:3rem}.cotoni81 .kv-ee-align-center .kv-ee-col-lg-6{padding-left:2rem;padding-right:2rem}.cotoni81 .kv-ee-align-center .kv-ee-col-lg-6 div{margin-left:auto;margin-right:auto}.cotoni81 .kv-ee-align-center .kv-ee-col-lg-4{padding-left:1.5rem;padding-right:1.5rem}.cotoni81 .kv-ee-align-right .kv-ee-col-lg-6{padding-left:4rem}.cotoni81 .kv-ee-align-right .kv-ee-col-lg-6 div{margin-left:auto}.cotoni81 .kv-ee-align-right .kv-ee-col-lg-4{padding-left:3rem}}.cotoni81 .kv-ee-button span,.cotoni81 .kv-ee-button div{margin-left:.5rem !important;margin-right:.5rem !important}<\/style>","protected":false},"excerpt":{"rendered":"","protected":false},"author":1,"featured_media":0,"parent":0,"menu_order":0,"comment_status":"closed","ping_status":"closed","template":"wb4wp-template.php","meta":{"nf_dc_page":"","om_disable_all_campaigns":false,"WB4WB4WP_MODE":"","WB4WP_PAGE_SCRIPTS":"","WB4WP_PAGE_STYLES":"","WB4WP_PAGE_FONTS":"","WB4WP_PAGE_HEADER":"","WB4WP_PAGE_FOOTER":"","_monsterinsights_skip_tracking":false,"_monsterinsights_sitenote_active":false,"_monsterinsights_sitenote_note":"","_monsterinsights_sitenote_category":0,"footnotes":""},"class_list":["post-87","page","type-page","status-publish","hentry"],"aioseo_notices":[],"jetpack_sharing_enabled":true,"_links":{"self":[{"href":"https:\/\/museodelamemoriavenezuela.com\/index.php?rest_route=\/wp\/v2\/pages\/87","targetHints":{"allow":["GET"]}}],"collection":[{"href":"https:\/\/museodelamemoriavenezuela.com\/index.php?rest_route=\/wp\/v2\/pages"}],"about":[{"href":"https:\/\/museodelamemoriavenezuela.com\/index.php?rest_route=\/wp\/v2\/types\/page"}],"author":[{"embeddable":true,"href":"https:\/\/museodelamemoriavenezuela.com\/index.php?rest_route=\/wp\/v2\/users\/1"}],"replies":[{"embeddable":true,"href":"https:\/\/museodelamemoriavenezuela.com\/index.php?rest_route=%2Fwp%2Fv2%2Fcomments&post=87"}],"version-history":[{"count":0,"href":"https:\/\/museodelamemoriavenezuela.com\/index.php?rest_route=\/wp\/v2\/pages\/87\/revisions"}],"wp:attachment":[{"href":"https:\/\/museodelamemoriavenezuela.com\/index.php?rest_route=%2Fwp%2Fv2%2Fmedia&parent=87"}],"curies":[{"name":"wp","href":"https:\/\/api.w.org\/{rel}","templated":true}]}}